{"id":66,"date":"2017-11-15T15:23:51","date_gmt":"2017-11-15T14:23:51","guid":{"rendered":"https:\/\/valkiria-art.pl\/?page_id=66"},"modified":"2017-11-15T15:23:51","modified_gmt":"2017-11-15T14:23:51","slug":"rekodzielo","status":"publish","type":"page","link":"https:\/\/valkiria-art.pl\/?page_id=66","title":{"rendered":"R\u0119kodzie\u0142o"},"content":{"rendered":"<div id=\"envira-gallery-wrap-55\" class=\"envira-gallery-wrap envira-gallery-theme-base envira-lightbox-theme-base\" itemscope itemtype=\"https:\/\/schema.org\/ImageGallery\"><div data-row-height=\"\" data-gallery-theme=\"\" id=\"envira-gallery-55\" class=\"envira-gallery-public  envira-gallery-3-columns envira-clear enviratope envira-gallery-css-animations\" data-envira-columns=\"3\"><div id=\"envira-gallery-item-22\" class=\"envira-gallery-item enviratope-item envira-gallery-item-1 envira-lazy-load\" style=\"padding-left: 10px; padding-bottom: 20px; padding-right: 10px;\"  itemscope itemtype=\"https:\/\/schema.org\/ImageObject\"><div class=\"envira-gallery-item-inner\"><div class=\"envira-gallery-position-overlay  envira-gallery-top-left\"><\/div><div class=\"envira-gallery-position-overlay  envira-gallery-top-right\"><\/div><div class=\"envira-gallery-position-overlay  envira-gallery-bottom-left\"><\/div><div class=\"envira-gallery-position-overlay  envira-gallery-bottom-right\"><\/div><a href=\"https:\/\/valkiria-art.pl\/wp-content\/uploads\/2017\/11\/lapacz.jpg\" class=\"envira-gallery-55 envira-gallery-link\" rel=\"enviragallery55\" title=\"\u0141apacz Sn&oacute;w\" data-envira-caption=\"\u0141apacz Sn&oacute;w\" data-envira-retina=\"\" data-thumbnail=\"\"  itemprop=\"contentUrl\"><div class=\"envira-lazy\" data-test-width=\"640\" data-test-height=\"480\" style=\"padding-bottom:75%;\"><img decoding=\"async\" id=\"envira-gallery-image-22\" class=\"envira-gallery-image envira-gallery-image-1\" data-envira-index=\"1\" src=\"https:\/\/valkiria-art.pl\/wp-content\/uploads\/2017\/11\/lapacz-640x480.jpg\" data-envira-src=\"https:\/\/valkiria-art.pl\/wp-content\/uploads\/2017\/11\/lapacz-640x480.jpg\" data-envira-gallery-id=\"55\" data-envira-item-id=\"22\" data-envira-caption=\"\u0141apacz Sn&oacute;w\" alt=\"Magdalena Ku\u0142ak \u0141apacz sn\u00f3w\" title=\"\u0141apacz Sn&amp;oacute;w\"  itemprop=\"thumbnailUrl\" data-envira-srcset=\"https:\/\/valkiria-art.pl\/wp-content\/uploads\/2017\/11\/lapacz-640x480.jpg 400w,https:\/\/valkiria-art.pl\/wp-content\/uploads\/2017\/11\/lapacz-640x480.jpg 2x\" srcset=\"data:image\/gif;base64,R0lGODlhAQABAIAAAP\/\/\/\/\/\/\/yH5BAEKAAEALAAAAAABAAEAAAICTAEAOw==\" \/><\/div><\/a><\/div><\/div><div id=\"envira-gallery-item-95\" class=\"envira-gallery-item enviratope-item envira-gallery-item-2 envira-lazy-load\" style=\"padding-left: 10px; padding-bottom: 20px; padding-right: 10px;\"  itemscope itemtype=\"https:\/\/schema.org\/ImageObject\"><div class=\"envira-gallery-item-inner\"><div class=\"envira-gallery-position-overlay  envira-gallery-top-left\"><\/div><div class=\"envira-gallery-position-overlay  envira-gallery-top-right\"><\/div><div class=\"envira-gallery-position-overlay  envira-gallery-bottom-left\"><\/div><div class=\"envira-gallery-position-overlay  envira-gallery-bottom-right\"><\/div><a href=\"https:\/\/valkiria-art.pl\/wp-content\/uploads\/2017\/11\/\u0142apacz_sn\u00f3w.jpg\" class=\"envira-gallery-55 envira-gallery-link\" rel=\"enviragallery55\" title=\"\u0141apacz Sn&oacute;w\" data-envira-caption=\"\u0141apacz Sn&oacute;w\" data-envira-retina=\"\" data-thumbnail=\"\"  itemprop=\"contentUrl\"><div class=\"envira-lazy\" data-test-width=\"640\" data-test-height=\"480\" style=\"padding-bottom:75%;\"><img decoding=\"async\" id=\"envira-gallery-image-95\" class=\"envira-gallery-image envira-gallery-image-2\" data-envira-index=\"2\" src=\"https:\/\/valkiria-art.pl\/wp-content\/uploads\/2017\/11\/\u0142apacz_sn\u00f3w-640x480.jpg\" data-envira-src=\"https:\/\/valkiria-art.pl\/wp-content\/uploads\/2017\/11\/\u0142apacz_sn\u00f3w-640x480.jpg\" data-envira-gallery-id=\"55\" data-envira-item-id=\"95\" data-envira-caption=\"\u0141apacz Sn&oacute;w\" alt=\"Magdalena Ku\u0142ak \u0141apacz Sn\u00f3w dreamcatcher dream catcher\" title=\"\u0141apacz Sn&amp;oacute;w\"  itemprop=\"thumbnailUrl\" data-envira-srcset=\"https:\/\/valkiria-art.pl\/wp-content\/uploads\/2017\/11\/\u0142apacz_sn\u00f3w-640x480.jpg 400w,https:\/\/valkiria-art.pl\/wp-content\/uploads\/2017\/11\/\u0142apacz_sn\u00f3w-640x480.jpg 2x\" srcset=\"data:image\/gif;base64,R0lGODlhAQABAIAAAP\/\/\/\/\/\/\/yH5BAEKAAEALAAAAAABAAEAAAICTAEAOw==\" \/><\/div><\/a><\/div><\/div><div id=\"envira-gallery-item-97\" class=\"envira-gallery-item enviratope-item envira-gallery-item-3 envira-lazy-load\" style=\"padding-left: 10px; padding-bottom: 20px; padding-right: 10px;\"  itemscope itemtype=\"https:\/\/schema.org\/ImageObject\"><div class=\"envira-gallery-item-inner\"><div class=\"envira-gallery-position-overlay  envira-gallery-top-left\"><\/div><div class=\"envira-gallery-position-overlay  envira-gallery-top-right\"><\/div><div class=\"envira-gallery-position-overlay  envira-gallery-bottom-left\"><\/div><div class=\"envira-gallery-position-overlay  envira-gallery-bottom-right\"><\/div><a href=\"https:\/\/valkiria-art.pl\/wp-content\/uploads\/2017\/11\/\u0142apacz_sn\u00f3w_redhawk.jpg\" class=\"envira-gallery-55 envira-gallery-link\" rel=\"enviragallery55\" title=\"\u0141apacz Sn&oacute;w\" data-envira-caption=\"\u0141apacz Sn&oacute;w\" data-envira-retina=\"\" data-thumbnail=\"\"  itemprop=\"contentUrl\"><div class=\"envira-lazy\" data-test-width=\"640\" data-test-height=\"480\" style=\"padding-bottom:75%;\"><img decoding=\"async\" id=\"envira-gallery-image-97\" class=\"envira-gallery-image envira-gallery-image-3\" data-envira-index=\"3\" src=\"https:\/\/valkiria-art.pl\/wp-content\/uploads\/2017\/11\/\u0142apacz_sn\u00f3w_redhawk-640x480.jpg\" data-envira-src=\"https:\/\/valkiria-art.pl\/wp-content\/uploads\/2017\/11\/\u0142apacz_sn\u00f3w_redhawk-640x480.jpg\" data-envira-gallery-id=\"55\" data-envira-item-id=\"97\" data-envira-caption=\"\u0141apacz Sn&oacute;w\" alt=\"Magdalena Ku\u0142ak \u0141apacz Sn\u00f3w dreamcatcher dream catcher\" title=\"\u0141apacz Sn&amp;oacute;w\"  itemprop=\"thumbnailUrl\" data-envira-srcset=\"https:\/\/valkiria-art.pl\/wp-content\/uploads\/2017\/11\/\u0142apacz_sn\u00f3w_redhawk-640x480.jpg 400w,https:\/\/valkiria-art.pl\/wp-content\/uploads\/2017\/11\/\u0142apacz_sn\u00f3w_redhawk-640x480.jpg 2x\" srcset=\"data:image\/gif;base64,R0lGODlhAQABAIAAAP\/\/\/\/\/\/\/yH5BAEKAAEALAAAAAABAAEAAAICTAEAOw==\" \/><\/div><\/a><\/div><\/div><div id=\"envira-gallery-item-96\" class=\"envira-gallery-item enviratope-item envira-gallery-item-4 envira-lazy-load\" style=\"padding-left: 10px; padding-bottom: 20px; padding-right: 10px;\"  itemscope itemtype=\"https:\/\/schema.org\/ImageObject\"><div class=\"envira-gallery-item-inner\"><div class=\"envira-gallery-position-overlay  envira-gallery-top-left\"><\/div><div class=\"envira-gallery-position-overlay  envira-gallery-top-right\"><\/div><div class=\"envira-gallery-position-overlay  envira-gallery-bottom-left\"><\/div><div class=\"envira-gallery-position-overlay  envira-gallery-bottom-right\"><\/div><a href=\"https:\/\/valkiria-art.pl\/wp-content\/uploads\/2017\/11\/ozdoba.jpg\" class=\"envira-gallery-55 envira-gallery-link\" rel=\"enviragallery55\" title=\"Inspiracje\" data-envira-caption=\"Inspiracje\" data-envira-retina=\"\" data-thumbnail=\"\"  itemprop=\"contentUrl\"><div class=\"envira-lazy\" data-test-width=\"640\" data-test-height=\"480\" style=\"padding-bottom:75%;\"><img decoding=\"async\" id=\"envira-gallery-image-96\" class=\"envira-gallery-image envira-gallery-image-4\" data-envira-index=\"4\" src=\"https:\/\/valkiria-art.pl\/wp-content\/uploads\/2017\/11\/ozdoba-640x480.jpg\" data-envira-src=\"https:\/\/valkiria-art.pl\/wp-content\/uploads\/2017\/11\/ozdoba-640x480.jpg\" data-envira-gallery-id=\"55\" data-envira-item-id=\"96\" data-envira-caption=\"Inspiracje\" alt=\"Magdalena Ku\u0142ak Inspiracje\" title=\"Inspiracje\"  itemprop=\"thumbnailUrl\" data-envira-srcset=\"https:\/\/valkiria-art.pl\/wp-content\/uploads\/2017\/11\/ozdoba-640x480.jpg 400w,https:\/\/valkiria-art.pl\/wp-content\/uploads\/2017\/11\/ozdoba-640x480.jpg 2x\" srcset=\"data:image\/gif;base64,R0lGODlhAQABAIAAAP\/\/\/\/\/\/\/yH5BAEKAAEALAAAAAABAAEAAAICTAEAOw==\" \/><\/div><\/a><\/div><\/div><div id=\"envira-gallery-item-105\" class=\"envira-gallery-item enviratope-item envira-gallery-item-5 envira-lazy-load\" style=\"padding-left: 10px; padding-bottom: 20px; padding-right: 10px;\"  itemscope itemtype=\"https:\/\/schema.org\/ImageObject\"><div class=\"envira-gallery-item-inner\"><div class=\"envira-gallery-position-overlay  envira-gallery-top-left\"><\/div><div class=\"envira-gallery-position-overlay  envira-gallery-top-right\"><\/div><div class=\"envira-gallery-position-overlay  envira-gallery-bottom-left\"><\/div><div class=\"envira-gallery-position-overlay  envira-gallery-bottom-right\"><\/div><a href=\"https:\/\/valkiria-art.pl\/wp-content\/uploads\/2017\/11\/magdalena_ku\u0142ak_\u0142apacz_sn\u00f3w.jpg\" class=\"envira-gallery-55 envira-gallery-link\" rel=\"enviragallery55\" title=\"magdalena_ku\u0142ak_\u0142apacz_sn&oacute;w\" data-envira-caption=\"magdalena_ku\u0142ak_\u0142apacz_sn&oacute;w\" data-envira-retina=\"\" data-thumbnail=\"\"  itemprop=\"contentUrl\"><div class=\"envira-lazy\" data-test-width=\"640\" data-test-height=\"480\" style=\"padding-bottom:75%;\"><img decoding=\"async\" id=\"envira-gallery-image-105\" class=\"envira-gallery-image envira-gallery-image-5\" data-envira-index=\"5\" src=\"https:\/\/valkiria-art.pl\/wp-content\/uploads\/2017\/11\/magdalena_ku\u0142ak_\u0142apacz_sn\u00f3w-640x480.jpg\" data-envira-src=\"https:\/\/valkiria-art.pl\/wp-content\/uploads\/2017\/11\/magdalena_ku\u0142ak_\u0142apacz_sn\u00f3w-640x480.jpg\" data-envira-gallery-id=\"55\" data-envira-item-id=\"105\" data-envira-caption=\"magdalena_ku\u0142ak_\u0142apacz_sn&oacute;w\" alt=\"\" title=\"magdalena_ku\u0142ak_\u0142apacz_sn&amp;oacute;w\"  itemprop=\"thumbnailUrl\" data-envira-srcset=\"https:\/\/valkiria-art.pl\/wp-content\/uploads\/2017\/11\/magdalena_ku\u0142ak_\u0142apacz_sn\u00f3w-640x480.jpg 400w,https:\/\/valkiria-art.pl\/wp-content\/uploads\/2017\/11\/magdalena_ku\u0142ak_\u0142apacz_sn\u00f3w-640x480.jpg 2x\" srcset=\"data:image\/gif;base64,R0lGODlhAQABAIAAAP\/\/\/\/\/\/\/yH5BAEKAAEALAAAAAABAAEAAAICTAEAOw==\" \/><\/div><\/a><\/div><\/div><\/div><\/div><noscript><img decoding=\"async\" src=\"https:\/\/valkiria-art.pl\/wp-content\/uploads\/2017\/11\/lapacz.jpg\" alt=\"Magdalena Ku\u0142ak \u0141apacz sn\u00f3w\" \/><img decoding=\"async\" src=\"https:\/\/valkiria-art.pl\/wp-content\/uploads\/2017\/11\/\u0142apacz_sn\u00f3w.jpg\" alt=\"Magdalena Ku\u0142ak \u0141apacz Sn\u00f3w dreamcatcher dream catcher\" \/><img decoding=\"async\" src=\"https:\/\/valkiria-art.pl\/wp-content\/uploads\/2017\/11\/\u0142apacz_sn\u00f3w_redhawk.jpg\" alt=\"Magdalena Ku\u0142ak \u0141apacz Sn\u00f3w dreamcatcher dream catcher\" \/><img decoding=\"async\" src=\"https:\/\/valkiria-art.pl\/wp-content\/uploads\/2017\/11\/ozdoba.jpg\" alt=\"Magdalena Ku\u0142ak Inspiracje\" \/><img decoding=\"async\" src=\"https:\/\/valkiria-art.pl\/wp-content\/uploads\/2017\/11\/magdalena_ku\u0142ak_\u0142apacz_sn\u00f3w.jpg\" alt=\"\" \/><\/noscript>\n","protected":false},"excerpt":{"rendered":"","protected":false},"author":1,"featured_media":0,"parent":43,"menu_order":0,"comment_status":"closed","ping_status":"closed","template":"","meta":{"_monsterinsights_skip_tracking":false,"_monsterinsights_sitenote_active":false,"_monsterinsights_sitenote_note":"","_monsterinsights_sitenote_category":0,"footnotes":""},"class_list":["post-66","page","type-page","status-publish","hentry"],"_links":{"self":[{"href":"https:\/\/valkiria-art.pl\/index.php?rest_route=\/wp\/v2\/pages\/66","targetHints":{"allow":["GET"]}}],"collection":[{"href":"https:\/\/valkiria-art.pl\/index.php?rest_route=\/wp\/v2\/pages"}],"about":[{"href":"https:\/\/valkiria-art.pl\/index.php?rest_route=\/wp\/v2\/types\/page"}],"author":[{"embeddable":true,"href":"https:\/\/valkiria-art.pl\/index.php?rest_route=\/wp\/v2\/users\/1"}],"replies":[{"embeddable":true,"href":"https:\/\/valkiria-art.pl\/index.php?rest_route=%2Fwp%2Fv2%2Fcomments&post=66"}],"version-history":[{"count":0,"href":"https:\/\/valkiria-art.pl\/index.php?rest_route=\/wp\/v2\/pages\/66\/revisions"}],"up":[{"embeddable":true,"href":"https:\/\/valkiria-art.pl\/index.php?rest_route=\/wp\/v2\/pages\/43"}],"wp:attachment":[{"href":"https:\/\/valkiria-art.pl\/index.php?rest_route=%2Fwp%2Fv2%2Fmedia&parent=66"}],"curies":[{"name":"wp","href":"https:\/\/api.w.org\/{rel}","templated":true}]}}